{"id":5157,"date":"2018-10-25T09:50:00","date_gmt":"2018-10-25T07:50:00","guid":{"rendered":"https:\/\/ripan.se\/en\/tack-nyhetsbrev\/"},"modified":"2018-10-25T09:52:09","modified_gmt":"2018-10-25T07:52:09","slug":"thank-you-newsletter","status":"publish","type":"page","link":"https:\/\/ripan.se\/en\/thank-you-newsletter\/","title":{"rendered":"Thank you!"},"content":{"rendered":"<p>V\u00e4nligen kontrollera din inbox och bekr\u00e4fta att du vill ha prenumerationen genom att klicka p\u00e5 bekr\u00e4fta-l\u00e4nken i mejlet.<\/p>\n<p>T\u00e4nk p\u00e5 att du enkelt kan avregistrera dig genom en l\u00e4nk som finns med i varje nyhetsbrev.<\/p>\n","protected":false},"excerpt":{"rendered":"<p>V\u00e4nligen kontrollera din inbox och bekr\u00e4fta att du vill ha prenumerationen genom att klicka p\u00e5 bekr\u00e4fta-l\u00e4nken i mejlet. T\u00e4nk p\u00e5 att du enkelt kan avregistrera dig genom en l\u00e4nk som finns med i varje nyhetsbrev.<\/p>\n","protected":false},"author":1,"featured_media":5142,"parent":0,"menu_order":0,"comment_status":"closed","ping_status":"closed","template":"","meta":{"_acf_changed":false,"footnotes":""},"class_list":["post-5157","page","type-page","status-publish","has-post-thumbnail","hentry"],"acf":[],"_links":{"self":[{"href":"https:\/\/ripan.se\/en\/wp-json\/wp\/v2\/pages\/5157","targetHints":{"allow":["GET"]}}],"collection":[{"href":"https:\/\/ripan.se\/en\/wp-json\/wp\/v2\/pages"}],"about":[{"href":"https:\/\/ripan.se\/en\/wp-json\/wp\/v2\/types\/page"}],"author":[{"embeddable":true,"href":"https:\/\/ripan.se\/en\/wp-json\/wp\/v2\/users\/1"}],"replies":[{"embeddable":true,"href":"https:\/\/ripan.se\/en\/wp-json\/wp\/v2\/comments?post=5157"}],"version-history":[{"count":1,"href":"https:\/\/ripan.se\/en\/wp-json\/wp\/v2\/pages\/5157\/revisions"}],"predecessor-version":[{"id":5158,"href":"https:\/\/ripan.se\/en\/wp-json\/wp\/v2\/pages\/5157\/revisions\/5158"}],"wp:featuredmedia":[{"embeddable":true,"href":"https:\/\/ripan.se\/en\/wp-json\/wp\/v2\/media\/5142"}],"wp:attachment":[{"href":"https:\/\/ripan.se\/en\/wp-json\/wp\/v2\/media?parent=5157"}],"curies":[{"name":"wp","href":"https:\/\/api.w.org\/{rel}","templated":true}]}}